{"id":16633,"date":"2023-04-02T08:52:10","date_gmt":"2023-04-02T08:52:10","guid":{"rendered":"https:\/\/shamsvahilol.uz\/?page_id=16633"},"modified":"2024-05-08T16:37:10","modified_gmt":"2024-05-08T16:37:10","slug":"turkiyadatalim","status":"publish","type":"page","link":"https:\/\/shamsvahilol.com\/ru\/turkiyadatalim\/","title":{"rendered":"Turkiyada ta&#8217;lim"},"content":{"rendered":"<div data-elementor-type=\"wp-page\" data-elementor-id=\"16633\" class=\"elementor elementor-16633\">\n\t\t\t\t\t\t<section class=\"elementor-section elementor-top-section elementor-element elementor-element-1d2fa2c4 elementor-section-boxed elementor-section-height-default elementor-section-height-default\" data-id=\"1d2fa2c4\" data-element_type=\"section\" data-e-type=\"section\">\n\t\t\t\t\t\t<div class=\"elementor-container elementor-column-gap-default\">\n\t\t\t\t\t<div class=\"elementor-column elementor-col-100 elementor-top-column elementor-element elementor-element-7a3b9b5c\" data-id=\"7a3b9b5c\" data-element_type=\"column\" data-e-type=\"column\">\n\t\t\t<div class=\"elementor-widget-wrap elementor-element-populated\">\n\t\t\t\t\t\t<div class=\"elementor-element elementor-element-2dd460d6 elementor-widget elementor-widget-text-editor\" data-id=\"2dd460d6\" data-element_type=\"widget\" data-e-type=\"widget\" data-widget_type=\"text-editor.default\">\n\t\t\t\t<div class=\"elementor-widget-container\">\n\t\t\t\t\t\t\t\t\t\n<h4>Turkiya ta\u02bclim tizimida ikki xil Universitet bor: Xususiy va Davlat<\/h4>\n<p><span style=\"font-size: 14pt;\">Quyida XUSUSIY va DAVLAT universitetlarini yo\u02bbnalish, sharoiti, xarajatlari, kontrakt narxi, shartlari haqida ma\u02bclumotlar bor. Davlat va Xususiy universitetlarni bir biri bilan taqqoslab tanishib chiqishingiz mumkin.<\/span><\/p>\n\t\t\t\t\t\t\t\t<\/div>\n\t\t\t\t<\/div>\n\t\t\t\t<div class=\"elementor-element elementor-element-31e32dd elementor-widget thim-ekits-heading elementor-widget-thim-heading\" data-id=\"31e32dd\" data-element_type=\"widget\" data-e-type=\"widget\" data-widget_type=\"thim-heading.default\">\n\t\t\t\t<div class=\"elementor-widget-container\">\n\t\t\t\t\t<div class=\"sc_heading\"><h4 class=\"title\"> <span class=\"thim-color\">XUSUSIY UNIVERSITETLAR HAQIDA <\/span><\/h4><span class=\"line\"><\/span><\/div>\t\t\t\t<\/div>\n\t\t\t\t<\/div>\n\t\t\t\t<div class=\"elementor-element elementor-element-8be7a85 elementor-widget elementor-widget-text-editor\" data-id=\"8be7a85\" data-element_type=\"widget\" data-e-type=\"widget\" data-widget_type=\"text-editor.default\">\n\t\t\t\t<div class=\"elementor-widget-container\">\n\t\t\t\t\t\t\t\t\t<ul>\n<li><span style=\"font-size: 14pt;\">Xususiy universitetlar IMTIHONSIZ qabul qiladi. Universitetga kontrakt uchun to\u02bblov qilgan talaba rasman universitet talabasi hisoblanadi<\/span><\/li>\n<li><span style=\"font-size: 14pt;\">Universitetga borganda o\u02bbqishni boshlashdan avval til darajani tekshirib ko\u02bbradi &#8211; tanlagan sohasining ta\u02bclim tiliga qarab tildan imtihon (test, suhbat, yozma ish) topshiradi<\/span><\/li>\n<li><span style=\"font-size: 14pt;\">Til darajasi yetarli bo\u02bblmasa avval alohida til o\u02bbrgatadi \u00fcniversitetni o\u02bbzida, tilni o\u02bbzlashtirgandan so\u02bbng birinchi kursdan o\u02bbqishni boshlaydi<\/span><\/li>\n<li><span style=\"font-size: 14pt;\">Aksariyat xususiy universitetlardagi til kursi narxlari TURK TILI uchun o\u02bbrtacha 1500 $ ni tashkil etadi. Baz\u0131lar\u0131da esa undan ham qimmat<\/span><\/li>\n<li><span style=\"font-size: 14pt;\">INGLIZ TIL kursi narxi odatda fakultet narxi bilan bir xil bo\u02bbladi<\/span><\/li>\n<\/ul>\n<h4>Kontrakt narxi<\/h4>\n<ul>\n<li><span style=\"font-size: 14pt;\">Tibbiyot, Stomotologiya, Farmatsevtika va Uchuvchilik 10 ming $ dan boshlanadi.<\/span><\/li>\n<li><span style=\"font-size: 14pt;\">Qolgan yo\u02bbnalishlar aksariyat universitetlarda 1900 &#8211; 8000 $ orasida<\/span><\/li>\n<\/ul>\n<h4>Sharoiti haqida<\/h4>\n<ul>\n<li><span style=\"font-size: 14pt;\">Xususiy Universitetlarni deyarli barchasi yirik shaharlarda joylashgani sabab o\u02bbqishdan tashqari ishlash imkoniyati nisbatan yuqoriroq<\/span><\/li>\n<li><span style=\"font-size: 14pt;\">Oylik yeb ichish va turar joy uchun o\u02bbrtacha 250-300 $ ketadi<\/span><\/li>\n<\/ul>\t\t\t\t\t\t\t\t<\/div>\n\t\t\t\t<\/div>\n\t\t\t\t<div class=\"elementor-element elementor-element-71af783 elementor-widget thim-ekits-heading elementor-widget-thim-heading\" data-id=\"71af783\" data-element_type=\"widget\" data-e-type=\"widget\" data-widget_type=\"thim-heading.default\">\n\t\t\t\t<div class=\"elementor-widget-container\">\n\t\t\t\t\t<div class=\"sc_heading\"><h4 class=\"title\"> <span class=\"thim-color\">DAVLAT UNIVERSITETLARI HAQIDA <\/span><\/h4><div class=\"sub-heading\"><p>(Faqat Bakalavr bo\u02bbyicha malumotlar)<\/p>\n<\/div><span class=\"line\"><\/span><\/div>\t\t\t\t<\/div>\n\t\t\t\t<\/div>\n\t\t\t\t<div class=\"elementor-element elementor-element-dbac970 elementor-widget elementor-widget-text-editor\" data-id=\"dbac970\" data-element_type=\"widget\" data-e-type=\"widget\" data-widget_type=\"text-editor.default\">\n\t\t\t\t<div class=\"elementor-widget-container\">\n\t\t\t\t\t\t\t\t\t<ul>\n<li><span style=\"font-size: 14pt;\">Odatda davlat universitetlari xorijiy talabalarni barcha yo\u02bbnalishlar uchun matematika va mantiqdan test imtihon (Y\u00d6S &#8211; Yabanc\u0131 \u00d6\u011frenci S\u0131nav\u0131) qilib oladi. <a href=\"http:\/\/t.me\/yosexample\">@YOSEXAMPLE<\/a> da namuna test savollari bor.<\/span><\/li>\n<li><span style=\"font-size: 14pt;\">Matematika va mantiq imtihonidan o\u02bbtgan talaba universitetda tanlangan yo\u02bbnalishining ta\u02bclim tili turk tili bo\u02bblsa turk tilidan ingliz tili bo\u02bblsa ingliz tilidan imtihon topshiradi, til imtihondan o\u02bbtsa birinchi kursdan boshlab o\u02bbqiydi, o\u02bbta olmasa avval universitetda til kursida o\u02bbqib, tilni o\u02bbzlashtirib keyingi yildan birinchi kursdan boshlab o\u02bbqiydi.<\/span><\/li>\n<li><span style=\"font-size: 14pt;\">Davlat universitetlarida turk va ingliz til kurslarini narxi deyarli bir xil bo\u02bblib o\u02bbrtacha 1000 $ tashkil qiladi. Til kursini davomiyligi odatda 8 oydan iboratdir.<\/span><\/li>\n<\/ul>\n<h4>Kontrakt narxi<\/h4>\n<ul>\n<li><span style=\"font-size: 14pt;\">Tibbiyot Stomotologiya Farmatsevtika bular eng qimmat sohalar. Kontrakt narxi 2000 $ dan &#8211; 6000 $ gacha<\/span><\/li>\n<li><span style=\"font-size: 14pt;\">Qolgan yo\u02bbnalishlar universitetiga qarab o\u02bbrtacha 600 &#8211; 700 $<\/span><\/li>\n<\/ul>\n<p><span style=\"font-size: 14pt;\">\u2757\ufe0f<\/span><span style=\"font-size: 14pt;\">Nisbatan chekka viloyatda joylashgan davlat universitetlariga Y\u00d6S siz ham kirsa bo\u02bbladi<\/span><\/p>\n<h4>Sharoiti haqida<\/h4>\n<ul>\n<li><span style=\"font-size: 14pt;\">Y\u00d6S siz kirishni imkoni bor aksariyat davlat oliygohlari viloyatda joylashgani sabab o\u02bbqishdan tashqari ishlash imkoniyati nisbatan cheklangan.<\/span><\/li>\n<li><span style=\"font-size: 14pt;\">Oylik yeb ichish va turar joy uchun o\u02bbrtacha 200 $ ketadi<\/span><\/li>\n<\/ul>\n<p>\u00a0 \u00a0 \u00a0 \u00a0 &#8212;&#8212;&#8212;&#8212;&#8212;&#8212;&#8212;&#8212;&#8212;&#8211;<\/p>\n<ul>\n<li><span style=\"font-size: 14pt;\">Kamroq xarajat bilan Y\u00d6S asosida o\u02bbqishga kirish uchun ayrim davlat oliygohlari imtihon o\u02bbtkazishga O\u02bbzbekistonga (Toshkentda) keladi<\/span><span style=\"font-size: 14pt;\">\u00a0<\/span><\/li>\n<li><span style=\"font-size: 14pt;\">Aksariyati esa kelmaydi va ularga Turkiyaga borib imtihon topshirishga to\u02bbg\u02bbri keladi. Y\u00d6S imtihoni mavsumi odatda mart-iyul oylarida bo\u02bbladi<\/span><\/li>\n<\/ul>\n<p><span style=\"font-size: 14pt;\">\u00a0\u2757\ufe0f\u0130stanbul kabi yirik shaharlardagi davlat universitetlari odatda Y\u00d6S siz qabul qilmaydi<\/span><\/p>\n<p><span style=\"font-size: 14pt;\">\u00a0\u2757\ufe0fDavlat universitetiga Y\u00d6S siz kirayotganda qabul maktubingizga e\u02bctibor bering, tanlagan fakultetingiz yozilgan bo\u02bblsin til kursi emas<\/span><\/p>\t\t\t\t\t\t\t\t<\/div>\n\t\t\t\t<\/div>\n\t\t\t\t\t<\/div>\n\t\t<\/div>\n\t\t\t\t\t<\/div>\n\t\t<\/section>\n\t\t\t\t<section class=\"elementor-section elementor-top-section elementor-element elementor-element-64c7c1d elementor-section-boxed elementor-section-height-default elementor-section-height-default\" data-id=\"64c7c1d\" data-element_type=\"section\" data-e-type=\"section\">\n\t\t\t\t\t\t<div class=\"elementor-container elementor-column-gap-default\">\n\t\t\t\t\t<div class=\"elementor-column elementor-col-50 elementor-top-column elementor-element elementor-element-d37d77c\" data-id=\"d37d77c\" data-element_type=\"column\" data-e-type=\"column\">\n\t\t\t<div class=\"elementor-widget-wrap elementor-element-populated\">\n\t\t\t\t\t\t<div class=\"elementor-element elementor-element-68f9852 elementor-align-justify elementor-widget elementor-widget-button\" data-id=\"68f9852\" data-element_type=\"widget\" data-e-type=\"widget\" data-widget_type=\"button.default\">\n\t\t\t\t<div class=\"elementor-widget-container\">\n\t\t\t\t\t\t\t\t\t<div class=\"elementor-button-wrapper\">\n\t\t\t\t\t<a class=\"elementor-button elementor-button-link elementor-size-lg\" href=\"https:\/\/shamsvahilol.com\/ru\/university\/\">\n\t\t\t\t\t\t<span class=\"elementor-button-content-wrapper\">\n\t\t\t\t\t\t<span class=\"elementor-button-icon\">\n\t\t\t\t<i aria-hidden=\"true\" class=\"fas fa-link\"><\/i>\t\t\t<\/span>\n\t\t\t\t\t\t\t\t\t<span class=\"elementor-button-text\">XUSUSIY UNIVERSITETLAR<\/span>\n\t\t\t\t\t<\/span>\n\t\t\t\t\t<\/a>\n\t\t\t\t<\/div>\n\t\t\t\t\t\t\t\t<\/div>\n\t\t\t\t<\/div>\n\t\t\t\t\t<\/div>\n\t\t<\/div>\n\t\t\t\t<div class=\"elementor-column elementor-col-50 elementor-top-column elementor-element elementor-element-13c1869\" data-id=\"13c1869\" data-element_type=\"column\" data-e-type=\"column\">\n\t\t\t<div class=\"elementor-widget-wrap elementor-element-populated\">\n\t\t\t\t\t\t<div class=\"elementor-element elementor-element-cf5da49 elementor-align-justify elementor-widget elementor-widget-button\" data-id=\"cf5da49\" data-element_type=\"widget\" data-e-type=\"widget\" data-widget_type=\"button.default\">\n\t\t\t\t<div class=\"elementor-widget-container\">\n\t\t\t\t\t\t\t\t\t<div class=\"elementor-button-wrapper\">\n\t\t\t\t\t<a class=\"elementor-button elementor-button-link elementor-size-lg\" href=\"https:\/\/shamsvahilol.com\/ru\/universitet\/davlat\/\">\n\t\t\t\t\t\t<span class=\"elementor-button-content-wrapper\">\n\t\t\t\t\t\t<span class=\"elementor-button-icon\">\n\t\t\t\t<i aria-hidden=\"true\" class=\"fas fa-link\"><\/i>\t\t\t<\/span>\n\t\t\t\t\t\t\t\t\t<span class=\"elementor-button-text\">DAVLAT UNIVERSITETLARI<\/span>\n\t\t\t\t\t<\/span>\n\t\t\t\t\t<\/a>\n\t\t\t\t<\/div>\n\t\t\t\t\t\t\t\t<\/div>\n\t\t\t\t<\/div>\n\t\t\t\t\t<\/div>\n\t\t<\/div>\n\t\t\t\t\t<\/div>\n\t\t<\/section>\n\t\t\t\t<\/div>","protected":false},"excerpt":{"rendered":"<p>Turkiya ta\u02bclim tizimida ikki xil Universitet bor: Xususiy va Davlat Quyida XUSUSIY va DAVLAT universitetlarini yo\u02bbnalish, sharoiti, xarajatlari, kontrakt narxi, shartlari haqida ma\u02bclumotlar bor. Davlat va Xususiy universitetlarni bir biri bilan taqqoslab tanishib chiqishingiz mumkin. XUSUSIY UNIVERSITETLAR HAQIDA Xususiy universitetlar &hellip; <\/p>","protected":false},"author":1,"featured_media":0,"parent":0,"menu_order":0,"comment_status":"closed","ping_status":"closed","template":"","meta":{"footnotes":""},"class_list":["post-16633","page","type-page","status-publish","hentry"],"_links":{"self":[{"href":"https:\/\/shamsvahilol.com\/ru\/wp-json\/wp\/v2\/pages\/16633","targetHints":{"allow":["GET"]}}],"collection":[{"href":"https:\/\/shamsvahilol.com\/ru\/wp-json\/wp\/v2\/pages"}],"about":[{"href":"https:\/\/shamsvahilol.com\/ru\/wp-json\/wp\/v2\/types\/page"}],"author":[{"embeddable":true,"href":"https:\/\/shamsvahilol.com\/ru\/wp-json\/wp\/v2\/users\/1"}],"replies":[{"embeddable":true,"href":"https:\/\/shamsvahilol.com\/ru\/wp-json\/wp\/v2\/comments?post=16633"}],"version-history":[{"count":13,"href":"https:\/\/shamsvahilol.com\/ru\/wp-json\/wp\/v2\/pages\/16633\/revisions"}],"predecessor-version":[{"id":17469,"href":"https:\/\/shamsvahilol.com\/ru\/wp-json\/wp\/v2\/pages\/16633\/revisions\/17469"}],"wp:attachment":[{"href":"https:\/\/shamsvahilol.com\/ru\/wp-json\/wp\/v2\/media?parent=16633"}],"curies":[{"name":"wp","href":"https:\/\/api.w.org\/{rel}","templated":true}]}}